{"id":9606,"date":"2021-02-23T15:10:47","date_gmt":"2021-02-23T15:10:47","guid":{"rendered":"https:\/\/women-abroad-coaching.com\/?page_id=9606"},"modified":"2026-04-06T17:14:55","modified_gmt":"2026-04-06T17:14:55","slug":"ebook-audio","status":"publish","type":"page","link":"https:\/\/women-abroad-coaching.com\/en\/ebook-audio\/","title":{"rendered":"Ebook Audio"},"content":{"rendered":"<div class=\"brz-root__container brz-reset-all brz brz-root__container-page\">\n<section id=\"_kocwfwktxulvpdmrlrdagjzdzyafoeowayxr\" class=\"brz-section brz-css-qm754e\">\n<div class=\"brz-section__content brz-section--boxed brz-css-12jnvm brz-css-2g4uyx\" data-brz-custom-id=\"oxsqqzlcbmiqdtdmqdqvqccqfzcixdjvaavm\">\n<div class=\"brz-bg\">\n<div class=\"brz-bg-color\"><\/div>\n<\/div>\n<div class=\"brz-container brz-css-1yn4b1g\">\n<div id=\"\" class=\"brz-css-vb9uof brz-css-dkhbl2 brz-wrapper\">\n<div class=\"brz-rich-text brz-rich-text__custom brz-css-a2mhoi\" data-brz-custom-id=\"wgraosoapdyoymzrdbkrwdjbyaeomtqnnnsu\">\n<div data-brz-translate-text=\"1\">\n<h1 class=\"brz-text-lg-center brz-tp-heading1 brz-css-gkiPs\"><span class=\"brz-cp-color2\">Ebook Audio<\/span><\/h1>\n<\/div>\n<\/div>\n<\/div>\n<div id=\"\" class=\"brz-css-vb9uof brz-css-vxid28 brz-css-24zwq5 brz-wrapper\">\n<div class=\"brz-spacer brz-css-b1h9b2 brz-css-kx9grc\"><\/div>\n<\/div>\n<div class=\"brz-row__container brz-css-1l7pgmc brz-css-vubeae\" data-brz-custom-id=\"wqqjglbcvguzwfifeaamlchczdxqdvnhlglf\">\n<div class=\"brz-bg\"><\/div>\n<div class=\"brz-row brz-css-1be49zu brz-css-1v6bpko\">\n<div class=\"brz-columns brz-css-1jln54j brz-css-16wr3dh\" data-brz-custom-id=\"obkexvkkvnnuupgmmhwbvzepgnannrvmgjlh\">\n<div class=\"brz-bg\">\n<div class=\"brz-bg-color\"><\/div>\n<\/div>\n<div class=\"brz-column__items brz-css-ic75cf brz-css-1knxmfm\">\n<div class=\"brz-row__container brz-css-1l7pgmc\" data-brz-custom-id=\"qqqhmeqaobqvauepqgdzdwzuoptusujmsvfe\">\n<div class=\"brz-bg\"><\/div>\n<div class=\"brz-row brz-row--inner brz-css-1be49zu brz-css-gqgwv0\">\n<div class=\"brz-columns brz-css-1jln54j brz-css-1wuelen\" data-brz-custom-id=\"mlkqqdezzxiesgmbcdmurtfuigyjemwxcsvo\">\n<div class=\"brz-bg\"><\/div>\n<div class=\"brz-column__items brz-css-ic75cf brz-css-1yb0cyq\">\n<div id=\"\" class=\"brz-css-vb9uof brz-wrapper\">\n<div class=\"brz-image brz-css-1rjbqve\" data-brz-custom-id=\"uszulhqhdcawmnvtqsdqaaocidmtdwnyawuj\"><img decoding=\"async\" class=\"brz-img\" src=\"https:\/\/women-abroad-coaching.com\/wp-content\/uploads\/brizy\/imgs\/Women-Abroad-Coaching-Femme-carriere-international-262x253x0x0x262x253x1610564831.png\" alt=\"\" loading=\"lazy\"><\/div>\n<\/div>\n<\/div>\n<\/div>\n<div class=\"brz-columns brz-css-1jln54j brz-css-1r4fw\" data-brz-custom-id=\"ulpcvypwofytuirvtkfpopahsboziaskuypl\">\n<div class=\"brz-bg\"><\/div>\n<div class=\"brz-column__items brz-css-ic75cf brz-css-pngd6l\">\n<div id=\"\" class=\"brz-css-vb9uof brz-css-1yt28th brz-wrapper\">\n<div class=\"brz-rich-text brz-rich-text__custom brz-css-a2mhoi\" data-brz-custom-id=\"uzjebjyphxakwtlmpcmlkkdlwfkwwkgnpzes\">\n<div data-brz-translate-text=\"1\">\n<p class=\"brz-text-lg-left brz-tp-heading3 brz-css-iQ_fk\"><span class=\"brz-cp-color7\">Les trois cl\u00e9s pour s&rsquo;adapter efficacement \u00e0 l&rsquo;\u00e9tranger <\/span><\/p>\n<\/div>\n<\/div>\n<\/div>\n<div id=\"\" class=\"brz-css-vb9uof brz-css-17pwgnk brz-wrapper\">\n<div class=\"brz-rich-text brz-rich-text__custom brz-css-a2mhoi\" data-brz-custom-id=\"cgooivovlmsinzogbzrjsgfhoooyfmfmorzk\">\n<div data-brz-translate-text=\"1\">\n<p class=\"brz-mb-lg-10 brz-bcp-color7 brz-tp-paragraph brz-css-mmm_p\"><span class=\"brz-cp-color7\">Dans cet article audio, je vous propose d&rsquo;explorer les 3 cl\u00e9s pour faciliter l&rsquo;adaptation culturelle de jeunes femmes qui partent en mission \u00e0 l&rsquo;\u00e9tranger.<\/span><\/p>\n<p class=\"brz-mb-lg-10 brz-bcp-color7 brz-tp-paragraph brz-css-crR_z\"><span class=\"brz-cp-color7\">Partir peut s&rsquo;av\u00e9rer un grand d\u00e9fi voir une perte de rep\u00e8re momentan\u00e9&#8230;<\/span><\/p>\n<\/div>\n<\/div>\n<\/div>\n<div id=\"\" class=\"brz-css-vb9uof brz-css-1cq1jzx brz-wrapper\">\n<div class=\"brz-rich-text brz-rich-text__custom brz-css-a2mhoi\" data-brz-custom-id=\"oeganeroxtsxmijshikrjkwdjsahbhwzquak\">\n<div data-brz-translate-text=\"1\">\n<p class=\"brz-text-lg-left brz-tp-paragraph brz-css-hIMWF\"><strong class=\"brz-cp-color7\">\u00c9coutez l&rsquo;article audio !<\/strong><\/p>\n<\/div>\n<\/div>\n<\/div>\n<div id=\"\" class=\"brz-css-vb9uof brz-wrapper\">\n<div class=\"brz-audio brz-css-yp9t5i brz-css-1r1flka\" data-brz-custom-id=\"fkepbiqxdetwfkyagcendbukdbcqanayeacf\">\n<div class=\"brz-custom-audio brz-css-ruct8o brz-css-peqiks\">\n<div class=\"brz-audio__cover\"><\/div>\n<div class=\"brz-audio-play-pause-btn\"><\/div>\n<div class=\"brz-audio-controls brz-css-fhfyes\"><span class=\"brz-audio-current-time\">0:00<\/span><\/p>\n<div class=\"brz-audio-slider\">\n<div class=\"brz-audio-progress\"><\/div>\n<\/div>\n<p><span class=\"brz-audio-total-time\">0:00<\/span><\/div>\n<div class=\"brz-audio-volume\">\n<div class=\"brz-audio-volume-btn\"><\/div>\n<div class=\"brz-audio-volume-controls\">\n<div class=\"brz-audio-slider\">\n<div class=\"brz-audio-progress\"><\/div>\n<\/div>\n<\/div>\n<\/div>\n<p><audio preload=\"none\" src=\"https:\/\/women-abroad-coaching.com\/wp-content\/uploads\/2021\/02\/3-cle\u0301s-pour-sadapter-efficacement-a\u0300-le\u0301tranger.mp3\"><\/audio><\/div>\n<\/div>\n<\/div>\n<\/div>\n<\/div>\n<\/div>\n<\/div>\n<\/div>\n<\/div>\n<\/div>\n<\/div>\n<div id=\"\" class=\"brz-css-vb9uof brz-css-vxid28 brz-css-cujb81 brz-wrapper\">\n<div class=\"brz-spacer brz-css-b1h9b2 brz-css-nnk53e\"><\/div>\n<\/div>\n<div id=\"\" class=\"brz-css-vb9uof brz-css-vxid28 brz-css-1uienll brz-wrapper\">\n<div class=\"brz-spacer brz-css-b1h9b2 brz-css-175xmsl\"><\/div>\n<\/div>\n<div id=\"\" class=\"brz-css-vb9uof brz-css-vxid28 brz-css-zrhx11 brz-wrapper\">\n<div class=\"brz-spacer brz-css-b1h9b2 brz-css-1yqknww\"><\/div>\n<\/div>\n<div id=\"\" class=\"brz-css-vb9uof brz-css-vxid28 brz-css-33cvje brz-wrapper\">\n<div class=\"brz-spacer brz-css-b1h9b2 brz-css-10k3m72\"><\/div>\n<\/div>\n<div id=\"\" class=\"brz-css-vb9uof brz-css-vxid28 brz-css-1g0key1 brz-wrapper\">\n<div class=\"brz-spacer brz-css-b1h9b2 brz-css-1bnbhxg\"><\/div>\n<\/div>\n<\/div>\n<\/div>\n<\/section>\n<\/div>\n<p>    <!-- version:1736955920 --><\/p>","protected":false},"excerpt":{"rendered":"<p>Ebook Audio Les trois cl\u00e9s pour s&rsquo;adapter efficacement \u00e0 l&rsquo;\u00e9tranger Dans cet article audio, je vous propose d&rsquo;explorer les 3 cl\u00e9s pour faciliter l&rsquo;adaptation culturelle de jeunes femmes qui partent en mission \u00e0 l&rsquo;\u00e9tranger. Partir peut s&rsquo;av\u00e9rer un grand d\u00e9fi voir une perte de rep\u00e8re momentan\u00e9&#8230; \u00c9coutez l&rsquo;article audio ! 0:00 0:00<\/p>","protected":false},"author":2,"featured_media":357,"parent":0,"menu_order":0,"comment_status":"closed","ping_status":"closed","template":"brizy-blank-template.php","meta":{"site-sidebar-layout":"default","site-content-layout":"default","ast-site-content-layout":"default","site-content-style":"default","site-sidebar-style":"default","ast-global-header-display":"","ast-banner-title-visibility":"","ast-main-header-display":"","ast-hfb-above-header-display":"","ast-hfb-below-header-display":"","ast-hfb-mobile-header-display":"","site-post-title":"","ast-breadcrumbs-content":"","ast-featured-img":"","footer-sml-layout":"","ast-disable-related-posts":"","theme-transparent-header-meta":"default","adv-header-id-meta":"","stick-header-meta":"","header-above-stick-meta":"","header-main-stick-meta":"","header-below-stick-meta":"","astra-migrate-meta-layouts":"default","ast-page-background-enabled":"default","ast-page-background-meta":{"desktop":{"background-color":"","background-image":"","background-repeat":"repeat","background-position":"center center","background-size":"auto","background-attachment":"scroll","background-type":"","background-media":"","overlay-type":"","overlay-color":"","overlay-opacity":"","overlay-gradient":""},"tablet":{"background-color":"","background-image":"","background-repeat":"repeat","background-position":"center center","background-size":"auto","background-attachment":"scroll","background-type":"","background-media":"","overlay-type":"","overlay-color":"","overlay-opacity":"","overlay-gradient":""},"mobile":{"background-color":"","background-image":"","background-repeat":"repeat","background-position":"center center","background-size":"auto","background-attachment":"scroll","background-type":"","background-media":"","overlay-type":"","overlay-color":"","overlay-opacity":"","overlay-gradient":""}},"ast-content-background-meta":{"desktop":{"background-color":"var(--ast-global-color-5)","background-image":"","background-repeat":"repeat","background-position":"center center","background-size":"auto","background-attachment":"scroll","background-type":"","background-media":"","overlay-type":"","overlay-color":"","overlay-opacity":"","overlay-gradient":""},"tablet":{"background-color":"var(--ast-global-color-5)","background-image":"","background-repeat":"repeat","background-position":"center center","background-size":"auto","background-attachment":"scroll","background-type":"","background-media":"","overlay-type":"","overlay-color":"","overlay-opacity":"","overlay-gradient":""},"mobile":{"background-color":"var(--ast-global-color-5)","background-image":"","background-repeat":"repeat","background-position":"center center","background-size":"auto","background-attachment":"scroll","background-type":"","background-media":"","overlay-type":"","overlay-color":"","overlay-opacity":"","overlay-gradient":""}},"footnotes":""},"class_list":["post-9606","page","type-page","status-publish","has-post-thumbnail","hentry"],"yoast_head":"<!-- This site is optimized with the Yoast SEO plugin v27.5 - https:\/\/yoast.com\/product\/yoast-seo-wordpress\/ -->\n<title>Ebook Audio - Women Abroad Coaching<\/title>\n<meta name=\"description\" content=\"T\u00e9l\u00e9chargez l&#039;ebook audio Women Abroad, les trois cl\u00e9s pour s&#039;adapter efficacement \u00e0 l&#039;\u00e9tranger. Des conseils avis\u00e9s bas\u00e9s sur l&#039;exp\u00e9rience.\" \/>\n<meta name=\"robots\" content=\"index, follow, max-snippet:-1, max-image-preview:large, max-video-preview:-1\" \/>\n<link rel=\"canonical\" href=\"https:\/\/women-abroad-coaching.com\/en\/ebook-audio\/\" \/>\n<meta property=\"og:locale\" content=\"en_GB\" \/>\n<meta property=\"og:type\" content=\"article\" \/>\n<meta property=\"og:title\" content=\"Ebook Audio - Women Abroad Coaching\" \/>\n<meta property=\"og:description\" content=\"T\u00e9l\u00e9chargez l&#039;ebook audio Women Abroad, les trois cl\u00e9s pour s&#039;adapter efficacement \u00e0 l&#039;\u00e9tranger. Des conseils avis\u00e9s bas\u00e9s sur l&#039;exp\u00e9rience.\" \/>\n<meta property=\"og:url\" content=\"https:\/\/women-abroad-coaching.com\/en\/ebook-audio\/\" \/>\n<meta property=\"og:site_name\" content=\"Women Abroad Coaching\" \/>\n<meta property=\"article:publisher\" content=\"https:\/\/www.facebook.com\/Women-Abroad-101219738330459\" \/>\n<meta property=\"article:modified_time\" content=\"2026-04-06T17:14:55+00:00\" \/>\n<meta property=\"og:image\" content=\"https:\/\/women-abroad-coaching.com\/wp-content\/uploads\/2020\/11\/photo-1468818438311-4bab781ab9b8.jpeg\" \/>\n\t<meta property=\"og:image:width\" content=\"1502\" \/>\n\t<meta property=\"og:image:height\" content=\"1001\" \/>\n\t<meta property=\"og:image:type\" content=\"image\/jpeg\" \/>\n<meta name=\"twitter:card\" content=\"summary_large_image\" \/>\n<script type=\"application\/ld+json\" class=\"yoast-schema-graph\">{\"@context\":\"https:\\\/\\\/schema.org\",\"@graph\":[{\"@type\":\"WebPage\",\"@id\":\"https:\\\/\\\/women-abroad-coaching.com\\\/ebook-audio\\\/\",\"url\":\"https:\\\/\\\/women-abroad-coaching.com\\\/ebook-audio\\\/\",\"name\":\"Ebook Audio - Women Abroad Coaching\",\"isPartOf\":{\"@id\":\"https:\\\/\\\/women-abroad-coaching.com\\\/en\\\/#website\"},\"primaryImageOfPage\":{\"@id\":\"https:\\\/\\\/women-abroad-coaching.com\\\/ebook-audio\\\/#primaryimage\"},\"image\":{\"@id\":\"https:\\\/\\\/women-abroad-coaching.com\\\/ebook-audio\\\/#primaryimage\"},\"thumbnailUrl\":\"https:\\\/\\\/women-abroad-coaching.com\\\/wp-content\\\/uploads\\\/2020\\\/11\\\/photo-1468818438311-4bab781ab9b8.jpeg\",\"datePublished\":\"2021-02-23T15:10:47+00:00\",\"dateModified\":\"2026-04-06T17:14:55+00:00\",\"description\":\"T\u00e9l\u00e9chargez l'ebook audio Women Abroad, les trois cl\u00e9s pour s'adapter efficacement \u00e0 l'\u00e9tranger. Des conseils avis\u00e9s bas\u00e9s sur l'exp\u00e9rience.\",\"breadcrumb\":{\"@id\":\"https:\\\/\\\/women-abroad-coaching.com\\\/ebook-audio\\\/#breadcrumb\"},\"inLanguage\":\"en-GB\",\"potentialAction\":[{\"@type\":\"ReadAction\",\"target\":[\"https:\\\/\\\/women-abroad-coaching.com\\\/ebook-audio\\\/\"]}]},{\"@type\":\"ImageObject\",\"inLanguage\":\"en-GB\",\"@id\":\"https:\\\/\\\/women-abroad-coaching.com\\\/ebook-audio\\\/#primaryimage\",\"url\":\"https:\\\/\\\/women-abroad-coaching.com\\\/wp-content\\\/uploads\\\/2020\\\/11\\\/photo-1468818438311-4bab781ab9b8.jpeg\",\"contentUrl\":\"https:\\\/\\\/women-abroad-coaching.com\\\/wp-content\\\/uploads\\\/2020\\\/11\\\/photo-1468818438311-4bab781ab9b8.jpeg\",\"width\":1502,\"height\":1001,\"caption\":\"ebook audio Women Abroad Coaching\"},{\"@type\":\"BreadcrumbList\",\"@id\":\"https:\\\/\\\/women-abroad-coaching.com\\\/ebook-audio\\\/#breadcrumb\",\"itemListElement\":[{\"@type\":\"ListItem\",\"position\":1,\"name\":\"Accueil\",\"item\":\"https:\\\/\\\/women-abroad-coaching.com\\\/\"},{\"@type\":\"ListItem\",\"position\":2,\"name\":\"Ebook Audio\"}]},{\"@type\":\"WebSite\",\"@id\":\"https:\\\/\\\/women-abroad-coaching.com\\\/en\\\/#website\",\"url\":\"https:\\\/\\\/women-abroad-coaching.com\\\/en\\\/\",\"name\":\"Women Abroad Coaching\",\"description\":\"Vivre et travailler sereinement \u00e0 l\u2019\u00e9tranger\",\"publisher\":{\"@id\":\"https:\\\/\\\/women-abroad-coaching.com\\\/en\\\/#organization\"},\"potentialAction\":[{\"@type\":\"SearchAction\",\"target\":{\"@type\":\"EntryPoint\",\"urlTemplate\":\"https:\\\/\\\/women-abroad-coaching.com\\\/en\\\/?s={search_term_string}\"},\"query-input\":{\"@type\":\"PropertyValueSpecification\",\"valueRequired\":true,\"valueName\":\"search_term_string\"}}],\"inLanguage\":\"en-GB\"},{\"@type\":\"Organization\",\"@id\":\"https:\\\/\\\/women-abroad-coaching.com\\\/en\\\/#organization\",\"name\":\"Women Abroad Coaching\",\"url\":\"https:\\\/\\\/women-abroad-coaching.com\\\/en\\\/\",\"logo\":{\"@type\":\"ImageObject\",\"inLanguage\":\"en-GB\",\"@id\":\"https:\\\/\\\/women-abroad-coaching.com\\\/en\\\/#\\\/schema\\\/logo\\\/image\\\/\",\"url\":\"https:\\\/\\\/women-abroad-coaching.com\\\/wp-content\\\/uploads\\\/2020\\\/11\\\/Logo-Woman-Abroad-22.png\",\"contentUrl\":\"https:\\\/\\\/women-abroad-coaching.com\\\/wp-content\\\/uploads\\\/2020\\\/11\\\/Logo-Woman-Abroad-22.png\",\"width\":1110,\"height\":109,\"caption\":\"Women Abroad Coaching\"},\"image\":{\"@id\":\"https:\\\/\\\/women-abroad-coaching.com\\\/en\\\/#\\\/schema\\\/logo\\\/image\\\/\"},\"sameAs\":[\"https:\\\/\\\/www.facebook.com\\\/Women-Abroad-101219738330459\",\"https:\\\/\\\/www.linkedin.com\\\/in\\\/francoisefalisse\\\/\"]}]}<\/script>\n<!-- \/ Yoast SEO plugin. -->","yoast_head_json":{"title":"Ebook Audio - Women Abroad Coaching","description":"T\u00e9l\u00e9chargez l'ebook audio Women Abroad, les trois cl\u00e9s pour s'adapter efficacement \u00e0 l'\u00e9tranger. Des conseils avis\u00e9s bas\u00e9s sur l'exp\u00e9rience.","robots":{"index":"index","follow":"follow","max-snippet":"max-snippet:-1","max-image-preview":"max-image-preview:large","max-video-preview":"max-video-preview:-1"},"canonical":"https:\/\/women-abroad-coaching.com\/en\/ebook-audio\/","og_locale":"en_GB","og_type":"article","og_title":"Ebook Audio - Women Abroad Coaching","og_description":"T\u00e9l\u00e9chargez l'ebook audio Women Abroad, les trois cl\u00e9s pour s'adapter efficacement \u00e0 l'\u00e9tranger. Des conseils avis\u00e9s bas\u00e9s sur l'exp\u00e9rience.","og_url":"https:\/\/women-abroad-coaching.com\/en\/ebook-audio\/","og_site_name":"Women Abroad Coaching","article_publisher":"https:\/\/www.facebook.com\/Women-Abroad-101219738330459","article_modified_time":"2026-04-06T17:14:55+00:00","og_image":[{"width":1502,"height":1001,"url":"https:\/\/women-abroad-coaching.com\/wp-content\/uploads\/2020\/11\/photo-1468818438311-4bab781ab9b8.jpeg","type":"image\/jpeg"}],"twitter_card":"summary_large_image","schema":{"@context":"https:\/\/schema.org","@graph":[{"@type":"WebPage","@id":"https:\/\/women-abroad-coaching.com\/ebook-audio\/","url":"https:\/\/women-abroad-coaching.com\/ebook-audio\/","name":"Ebook Audio - Women Abroad Coaching","isPartOf":{"@id":"https:\/\/women-abroad-coaching.com\/en\/#website"},"primaryImageOfPage":{"@id":"https:\/\/women-abroad-coaching.com\/ebook-audio\/#primaryimage"},"image":{"@id":"https:\/\/women-abroad-coaching.com\/ebook-audio\/#primaryimage"},"thumbnailUrl":"https:\/\/women-abroad-coaching.com\/wp-content\/uploads\/2020\/11\/photo-1468818438311-4bab781ab9b8.jpeg","datePublished":"2021-02-23T15:10:47+00:00","dateModified":"2026-04-06T17:14:55+00:00","description":"T\u00e9l\u00e9chargez l'ebook audio Women Abroad, les trois cl\u00e9s pour s'adapter efficacement \u00e0 l'\u00e9tranger. Des conseils avis\u00e9s bas\u00e9s sur l'exp\u00e9rience.","breadcrumb":{"@id":"https:\/\/women-abroad-coaching.com\/ebook-audio\/#breadcrumb"},"inLanguage":"en-GB","potentialAction":[{"@type":"ReadAction","target":["https:\/\/women-abroad-coaching.com\/ebook-audio\/"]}]},{"@type":"ImageObject","inLanguage":"en-GB","@id":"https:\/\/women-abroad-coaching.com\/ebook-audio\/#primaryimage","url":"https:\/\/women-abroad-coaching.com\/wp-content\/uploads\/2020\/11\/photo-1468818438311-4bab781ab9b8.jpeg","contentUrl":"https:\/\/women-abroad-coaching.com\/wp-content\/uploads\/2020\/11\/photo-1468818438311-4bab781ab9b8.jpeg","width":1502,"height":1001,"caption":"ebook audio Women Abroad Coaching"},{"@type":"BreadcrumbList","@id":"https:\/\/women-abroad-coaching.com\/ebook-audio\/#breadcrumb","itemListElement":[{"@type":"ListItem","position":1,"name":"Accueil","item":"https:\/\/women-abroad-coaching.com\/"},{"@type":"ListItem","position":2,"name":"Ebook Audio"}]},{"@type":"WebSite","@id":"https:\/\/women-abroad-coaching.com\/en\/#website","url":"https:\/\/women-abroad-coaching.com\/en\/","name":"Women Abroad Coaching","description":"Vivre et travailler sereinement \u00e0 l\u2019\u00e9tranger","publisher":{"@id":"https:\/\/women-abroad-coaching.com\/en\/#organization"},"potentialAction":[{"@type":"SearchAction","target":{"@type":"EntryPoint","urlTemplate":"https:\/\/women-abroad-coaching.com\/en\/?s={search_term_string}"},"query-input":{"@type":"PropertyValueSpecification","valueRequired":true,"valueName":"search_term_string"}}],"inLanguage":"en-GB"},{"@type":"Organization","@id":"https:\/\/women-abroad-coaching.com\/en\/#organization","name":"Women Abroad Coaching","url":"https:\/\/women-abroad-coaching.com\/en\/","logo":{"@type":"ImageObject","inLanguage":"en-GB","@id":"https:\/\/women-abroad-coaching.com\/en\/#\/schema\/logo\/image\/","url":"https:\/\/women-abroad-coaching.com\/wp-content\/uploads\/2020\/11\/Logo-Woman-Abroad-22.png","contentUrl":"https:\/\/women-abroad-coaching.com\/wp-content\/uploads\/2020\/11\/Logo-Woman-Abroad-22.png","width":1110,"height":109,"caption":"Women Abroad Coaching"},"image":{"@id":"https:\/\/women-abroad-coaching.com\/en\/#\/schema\/logo\/image\/"},"sameAs":["https:\/\/www.facebook.com\/Women-Abroad-101219738330459","https:\/\/www.linkedin.com\/in\/francoisefalisse\/"]}]}},"brizy_media":[{"id":5369,"url":"https:\/\/women-abroad-coaching.com\/wp-content\/uploads\/2020\/12\/Apple-Podcat-Women-Abroad.png","name":"Apple-Podcat-Women-Abroad.png","meta":{"brizy_attachment_uid":"wp-4ea82fcd39004d210c7715cd1eed0559.png","brizy_post_uid":["6b8f0f98d62561bbe574393f742f3e66","0ef1628e5655b9fc6727289ec1c1aeab","4976ec4a14d56c31b6f8285edbf15797","59ce28135159cacb823516806782e94c"]}},{"id":5370,"url":"https:\/\/women-abroad-coaching.com\/wp-content\/uploads\/2020\/12\/Goolge-Podcat-Women-Abroad.png","name":"Goolge-Podcat-Women-Abroad.png","meta":{"brizy_attachment_uid":"wp-4b828b74515e81be87495094b83e669d.png","brizy_post_uid":["6b8f0f98d62561bbe574393f742f3e66","0ef1628e5655b9fc6727289ec1c1aeab","59ce28135159cacb823516806782e94c"]}},{"id":5374,"url":"https:\/\/women-abroad-coaching.com\/wp-content\/uploads\/2020\/12\/spotify-Women-Abroad.png","name":"spotify-Women-Abroad.png","meta":{"brizy_attachment_uid":"wp-ae50d048f07faaf117b6cf457d571fad.png","brizy_post_uid":["6b8f0f98d62561bbe574393f742f3e66","0ef1628e5655b9fc6727289ec1c1aeab","59ce28135159cacb823516806782e94c"]}},{"id":6600,"url":"https:\/\/women-abroad-coaching.com\/wp-content\/uploads\/2021\/01\/women-abroad-coaching-Chloe-Peebles-Bogota.png","name":"women-abroad-coaching-Chloe-Peebles-Bogota.png","meta":{"brizy_attachment_uid":"wp-7892904ad5bc0456d353d8ff7da5123c.png","brizy_post_uid":["6b8f0f98d62561bbe574393f742f3e66","0ef1628e5655b9fc6727289ec1c1aeab","c7203aae339b0773035aad9a90fc039d"]}},{"id":6721,"url":"https:\/\/women-abroad-coaching.com\/wp-content\/uploads\/2021\/01\/Women-Abroad-Coaching-Femme-carriere-international.png","name":"Women-Abroad-Coaching-Femme-carriere-international.png","meta":{"brizy_attachment_uid":"wp-643b091de978181e3c9551a7ed8d8052.png","brizy_post_uid":["0ef1628e5655b9fc6727289ec1c1aeab","6b8f0f98d62561bbe574393f742f3e66"]}},{"id":6767,"url":"https:\/\/women-abroad-coaching.com\/wp-content\/uploads\/2021\/01\/Women-Abroad-Haiqin-Huang-au-Luxembourg.png","name":"Women-Abroad-Haiqin-Huang-au-Luxembourg.png","meta":{"brizy_attachment_uid":"wp-dd143b8e807d5d7eb6ff272e7bca8234.png","brizy_post_uid":["0ef1628e5655b9fc6727289ec1c1aeab","6b8f0f98d62561bbe574393f742f3e66"]}},{"id":6773,"url":"https:\/\/women-abroad-coaching.com\/wp-content\/uploads\/2021\/01\/Women-Abroad-Haiqin-Huang-au-Luxembourg-2.png","name":"Women-Abroad-Haiqin-Huang-au-Luxembourg-2.png","meta":{"brizy_attachment_uid":"wp-5e9faf7a93d705ee27892795d52c0d61.png","brizy_post_uid":["0ef1628e5655b9fc6727289ec1c1aeab","6b8f0f98d62561bbe574393f742f3e66","c7203aae339b0773035aad9a90fc039d"]}},{"id":9095,"url":"https:\/\/women-abroad-coaching.com\/wp-content\/uploads\/brizy\/9092\/assets\/images\/024b135312585dcbe3373dafc1d10d3e581e7b41.jpeg","name":"024b135312585dcbe3373dafc1d10d3e581e7b41.jpeg","meta":{"brizy_attachment_uid":"024b135312585dcbe3373dafc1d10d3e581e7b41.jpeg","brizy_post_uid":["7e6297bc417056fca97eb56eb7d9f199","6b8f0f98d62561bbe574393f742f3e66"]}},{"id":9539,"url":"https:\/\/women-abroad-coaching.com\/wp-content\/uploads\/2021\/02\/Vignette-Podcast-WA-Podcast-111.jpg","name":"Vignette-Podcast-WA-Podcast-111.jpg","meta":{"brizy_attachment_uid":"wp-c837f0bc30ea4320038124c48d600d4a.jpg","brizy_post_uid":["6b8f0f98d62561bbe574393f742f3e66","0ef1628e5655b9fc6727289ec1c1aeab","c7203aae339b0773035aad9a90fc039d"]}},{"id":10075,"url":"https:\/\/women-abroad-coaching.com\/wp-content\/uploads\/2021\/04\/Cherine-MAKRAM-PHOTO-1.jpg","name":"Cherine-MAKRAM-PHOTO-1.jpg","meta":{"brizy_attachment_uid":"wp-f947475fc64d2148f8c835155de987ed.jpg","brizy_post_uid":["6b8f0f98d62561bbe574393f742f3e66","0ef1628e5655b9fc6727289ec1c1aeab"]}},{"id":10076,"url":"https:\/\/women-abroad-coaching.com\/wp-content\/uploads\/2021\/04\/1518355126679.jpg","name":"1518355126679.jpg","meta":{"brizy_attachment_uid":"wp-5d6a832b66533a18a269a40223ba13db.jpg","brizy_post_uid":["wp-b7c41d20f663eb11f6784ff1903a1d95.jpg","6b8f0f98d62561bbe574393f742f3e66","0ef1628e5655b9fc6727289ec1c1aeab"]}},{"id":10141,"url":"https:\/\/women-abroad-coaching.com\/wp-content\/uploads\/2021\/04\/84e8851d-c94b-4143-bd9b-2664c4704fbb.jpg","name":"84e8851d-c94b-4143-bd9b-2664c4704fbb.jpg","meta":{"brizy_attachment_uid":"wp-121107ac512a1b9ca9fcf367012d3d64.jpg","brizy_post_uid":["6b8f0f98d62561bbe574393f742f3e66","0ef1628e5655b9fc6727289ec1c1aeab"]}},{"id":10205,"url":"https:\/\/women-abroad-coaching.com\/wp-content\/uploads\/2021\/05\/Vignette-Podcast-WA-Stephani-Widorini.jpg","name":"Vignette-Podcast-WA-Stephani-Widorini.jpg","meta":{"brizy_attachment_uid":"wp-65a53c4732b2464ccf9d3bf7d324cd27.jpg","brizy_post_uid":["6b8f0f98d62561bbe574393f742f3e66","c7203aae339b0773035aad9a90fc039d"]}},{"id":10213,"url":"https:\/\/women-abroad-coaching.com\/wp-content\/uploads\/2021\/05\/Vignette-Podcast-WA-Cherine-Makram.jpg","name":"Vignette-Podcast-WA-Cherine-Makram.jpg","meta":{"brizy_attachment_uid":"wp-323ea5a9ffd402305ffde79b24d1cd1b.jpg","brizy_post_uid":["6b8f0f98d62561bbe574393f742f3e66","0ef1628e5655b9fc6727289ec1c1aeab","c7203aae339b0773035aad9a90fc039d"]}},{"id":10227,"url":"https:\/\/women-abroad-coaching.com\/wp-content\/uploads\/2021\/05\/Vignette-Podcast-WA-Camila-Osorio.jpg","name":"Vignette-Podcast-WA-Camila-Osorio.jpg","meta":{"brizy_attachment_uid":"wp-5a6ce49621d325fa536ed98bed4551df.jpg","brizy_post_uid":["6b8f0f98d62561bbe574393f742f3e66","0ef1628e5655b9fc6727289ec1c1aeab","c7203aae339b0773035aad9a90fc039d"]}},{"id":10397,"url":"https:\/\/women-abroad-coaching.com\/wp-content\/uploads\/2021\/05\/Vignette-Podcast-Estefania-Martin-WA-sketch.jpg","name":"Vignette-Podcast-Estefania-Martin-WA-sketch.jpg","meta":{"brizy_attachment_uid":"wp-3cf38e80ef5f4837b95e9797bab4c247.jpg","brizy_post_uid":["0ef1628e5655b9fc6727289ec1c1aeab","6b8f0f98d62561bbe574393f742f3e66","c7203aae339b0773035aad9a90fc039d"]}},{"id":12095,"url":"https:\/\/women-abroad-coaching.com\/wp-content\/uploads\/2021\/08\/Vignette-Podcast-WA-Nathalie-Gricourt.jpg","name":"Vignette-Podcast-WA-Nathalie-Gricourt.jpg","meta":{"brizy_attachment_uid":"wp-3997aa832298fbf33bcc3d1a6978f8c7.jpg","brizy_post_uid":["6b8f0f98d62561bbe574393f742f3e66","0ef1628e5655b9fc6727289ec1c1aeab"]}}],"_links":{"self":[{"href":"https:\/\/women-abroad-coaching.com\/en\/wp-json\/wp\/v2\/pages\/9606","targetHints":{"allow":["GET"]}}],"collection":[{"href":"https:\/\/women-abroad-coaching.com\/en\/wp-json\/wp\/v2\/pages"}],"about":[{"href":"https:\/\/women-abroad-coaching.com\/en\/wp-json\/wp\/v2\/types\/page"}],"author":[{"embeddable":true,"href":"https:\/\/women-abroad-coaching.com\/en\/wp-json\/wp\/v2\/users\/2"}],"replies":[{"embeddable":true,"href":"https:\/\/women-abroad-coaching.com\/en\/wp-json\/wp\/v2\/comments?post=9606"}],"version-history":[{"count":0,"href":"https:\/\/women-abroad-coaching.com\/en\/wp-json\/wp\/v2\/pages\/9606\/revisions"}],"wp:featuredmedia":[{"embeddable":true,"href":"https:\/\/women-abroad-coaching.com\/en\/wp-json\/wp\/v2\/media\/357"}],"wp:attachment":[{"href":"https:\/\/women-abroad-coaching.com\/en\/wp-json\/wp\/v2\/media?parent=9606"}],"curies":[{"name":"wp","href":"https:\/\/api.w.org\/{rel}","templated":true}]}}