{"id":3590,"date":"2020-11-30T15:02:10","date_gmt":"2020-11-30T15:02:10","guid":{"rendered":"https:\/\/women-abroad-coaching.com\/?page_id=3590"},"modified":"2026-05-05T16:19:35","modified_gmt":"2026-05-05T16:19:35","slug":"me-rencontrer","status":"publish","type":"page","link":"https:\/\/women-abroad-coaching.com\/en\/me-rencontrer\/","title":{"rendered":"Meet me"},"content":{"rendered":"<div class=\"brz-root__container brz-reset-all brz brz-root__container-page\">\n<section id=\"services\" class=\"brz-section brz-css-7tmpx3\">\n<div class=\"brz-section__content brz-section--boxed brz-css-uxv8g5 brz-css-1lja0uc\" data-brz-custom-id=\"frtzdyhestjyvaomndaosimjiihzkqbatqrw\">\n<div class=\"brz-bg\">\n<div class=\"brz-bg-color\"><\/div>\n<\/div>\n<div class=\"brz-container brz-css-1qshwan\">\n<div class=\"brz-row__container brz-css-kw5hok brz-css-15c6gwt\" data-brz-custom-id=\"qiumfivjlyxihbedecmczbvmhzaygxipstbe\">\n<div class=\"brz-bg\"><\/div>\n<div class=\"brz-row brz-css-11gq46v brz-css-x3mr9u\">\n<div class=\"brz-columns brz-css-1d7sivn brz-css-1d98qgl\" data-brz-custom-id=\"byoeqhrunqkkaxfehdkgmfpxmqgshzazgwgq\">\n<div class=\"brz-bg\"><\/div>\n<div class=\"brz-column__items brz-css-b3ueem brz-css-6xhftv\">\n<div id=\"\" class=\"brz-css-1k9rn5n brz-css-1rq42r1 brz-wrapper\">\n<div class=\"brz-image brz-css-1vimo6u\" data-brz-custom-id=\"snyklagkdcyqbhsgcdxtffbtrtiqooadbche\"><img decoding=\"async\" class=\"brz-img\" src=\"https:\/\/women-abroad-coaching.com\/wp-content\/uploads\/brizy\/imgs\/Franc\u0327oise-Falisse-Coach-Women-Abroad-Femme--487x500x0x0x487x500x1606402333.png\" alt=\"Fran\u00e7oise Falisse Mes expertises\" loading=\"lazy\"><\/div>\n<\/div>\n<\/div>\n<\/div>\n<div class=\"brz-columns brz-css-1d7sivn brz-css-1hrebht\" data-brz-custom-id=\"ywuhzudsapodxejkeflvulspklihxfqexguv\">\n<div class=\"brz-column__items brz-css-b3ueem brz-css-o8ihp9\">\n<div id=\"\" class=\"brz-css-1k9rn5n brz-css-h5rq91 brz-wrapper\">\n<div class=\"brz-rich-text brz-rich-text__custom brz-css-1k8rg38\" data-brz-custom-id=\"djnibtknezlydnciwcizcicfxhyelcrkbepr\">\n<div data-brz-translate-text=\"1\">\n<h1 class=\"brz-tp-heading1 brz-mt-xs-5 brz-mb-xs-5 brz-css-b5RXH\"><span class=\"brz-cp-color2\">Let\u2019s talk <\/span><\/h1>\n<h1 class=\"brz-tp-heading1 brz-mt-xs-5 brz-mb-xs-5 brz-css-dJmBh\"><span class=\"brz-cp-color2\">about your project! <\/span><\/h1>\n<\/div>\n<\/div>\n<\/div>\n<div id=\"\" class=\"brz-css-1k9rn5n brz-wrapper\">\n<div class=\"brz-rich-text brz-rich-text__custom brz-css-1k8rg38\" data-brz-custom-id=\"wwzddtesploaalgqunqzuetlbnakkfnjtgzf\">\n<div data-brz-translate-text=\"1\">\n<p class=\"brz-tp-subtitle brz-css-pAY0U\"><span class=\"brz-cp-color3\">Living and working abroad with equanimity.<\/span><\/p>\n<\/div>\n<\/div>\n<\/div>\n<div id=\"\" class=\"brz-css-1k9rn5n brz-wrapper\">\n<div class=\"brz-rich-text brz-rich-text__custom brz-css-1k8rg38\" data-brz-custom-id=\"olldrnefmeriygwqdlqioeztlabdflwijsni\">\n<div data-brz-translate-text=\"1\">\n<p class=\"brz-tp-paragraph brz-css-mtLwy\"><strong>As a company<\/strong>, this first appointment will give us a chance to get to know one another, to create a framework for our work. Then we can send you a quote adapted to your needs.<\/p>\n<\/div>\n<\/div>\n<\/div>\n<div id=\"\" class=\"brz-css-1k9rn5n brz-wrapper\">\n<div class=\"brz-rich-text brz-rich-text__custom brz-css-1k8rg38\" data-brz-custom-id=\"nhceghvojubxljaibyjmklfnqeyldvxnqkds\">\n<div data-brz-translate-text=\"1\">\n<p class=\"brz-tp-paragraph brz-css-ilFM9\"><strong>As a private individual<\/strong>this first appointment is essential and proves very useful to make contact, understand your needs and consider how we can move forward together.<\/p>\n<\/div>\n<\/div>\n<\/div>\n<div id=\"\" class=\"brz-css-1k9rn5n brz-wrapper\">\n<div class=\"brz-rich-text brz-rich-text__custom brz-css-1k8rg38\" data-brz-custom-id=\"mipmkxoslwpqpdxcwpsbafoecqpqmqwhyahv\">\n<div data-brz-translate-text=\"1\">\n<p class=\"brz-tp-paragraph brz-css-wvAxG\"><strong>Two ways of meeting me!<\/strong><\/p>\n<\/div>\n<\/div>\n<\/div>\n<div class=\"brz-row__container brz-css-kw5hok\" data-brz-custom-id=\"pzvsodioxenfptyklrsjufudpzfbnegtbbds\">\n<div class=\"brz-bg\"><\/div>\n<div class=\"brz-row brz-row--inner brz-css-11gq46v brz-css-x3mr9u\">\n<div class=\"brz-columns brz-css-1d7sivn brz-css-e4pppv\" data-brz-custom-id=\"jkaaradyeaqrixqhfjplbobifpxyxzoabhex\">\n<div class=\"brz-bg\"><\/div>\n<div class=\"brz-column__items brz-css-b3ueem brz-css-rit88k\">\n<div class=\"brz-wrapper-clone brz-css-1xhnpb4 brz-css-g1egw9\">\n<div class=\"brz-d-xs-flex brz-flex-xs-wrap brz-css-19wtk2 brz-css-1ys8zlr\" data-brz-custom-id=\"\">\n<div class=\"brz-wrapper-clone__item\" id=\"ibkftrmcajfwwqnhsejewglhondexsxtiidl\"><a class=\"brz-a brz-btn brz-css-hwmow brz-css-iz01zc brz-css-1qrj5jj brz-css-wu8li2\" href=\"https:\/\/calendly.com\/womenabroadcoaching\/\" target=\"_blank\" rel=\"noopener\" data-brz-link-type=\"external\" data-brz-custom-id=\"ibkftrmcajfwwqnhsejewglhondexsxtiidl\"><span data-brz-translate-text=\"1\" class=\"brz-span brz-text__editor\">Make an appointment now<\/span><\/a><\/div>\n<\/div>\n<\/div>\n<div id=\"\" class=\"brz-css-1k9rn5n brz-css-16rz8ix brz-wrapper\">\n<div class=\"brz-spacer brz-css-cdwh3l brz-css-x9y6qo\"><\/div>\n<\/div>\n<div class=\"brz-wrapper-clone brz-css-1xhnpb4 brz-css-17ozwqf\">\n<div class=\"brz-d-xs-flex brz-flex-xs-wrap brz-css-19wtk2 brz-css-2qvupm\" data-brz-custom-id=\"\">\n<div class=\"brz-wrapper-clone__item\" id=\"ojpvlonakwrkystllorzisuwuflfrkxshctl\"><a class=\"brz-a brz-anchor brz-btn brz-css-hwmow brz-css-1rm0iwq brz-css-1qrj5jj brz-css-1ka5qh\" href=\"#parcours\" target=\"_self\" rel=\"noopener\" data-brz-link-type=\"anchor\" data-brz-custom-id=\"ojpvlonakwrkystllorzisuwuflfrkxshctl\"><span data-brz-translate-text=\"1\" class=\"brz-span brz-text__editor\">Fill in the form<\/span><\/a><\/div>\n<\/div>\n<\/div>\n<\/div>\n<\/div>\n<\/div>\n<\/div>\n<\/div>\n<\/div>\n<\/div>\n<\/div>\n<\/div>\n<\/div>\n<\/section>\n<section id=\"parcours\" class=\"brz-section brz-css-7tmpx3\">\n<div class=\"brz-section__content brz-section--boxed brz-css-uxv8g5 brz-css-1v6kt6o\" data-brz-custom-id=\"efnhkfvkyfrcbskqqcyojcvticvmomwtvmpa\">\n<div class=\"brz-bg\">\n<div class=\"brz-bg-image\"><\/div>\n<div class=\"brz-bg-color\"><\/div>\n<\/div>\n<div class=\"brz-container brz-css-1qshwan\">\n<div id=\"\" class=\"brz-css-1k9rn5n brz-wrapper\">\n<div class=\"brz-rich-text brz-rich-text__custom brz-css-1k8rg38\" data-brz-custom-id=\"vbhoabzxdcbybeqfazqxlrghbiarmyuhykkl\">\n<div data-brz-translate-text=\"1\">\n<h1 class=\"brz-text-lg-center brz-tp-heading2 brz-css-qh0Me\"><span class=\"brz-cp-color2\">Contact form<\/span><\/h1>\n<\/div>\n<\/div>\n<\/div>\n<div id=\"\" class=\"brz-css-1k9rn5n brz-css-5j31w3 brz-wrapper\">\n<div class=\"brz-rich-text brz-rich-text__custom brz-css-1k8rg38\" data-brz-custom-id=\"njlaphkbgverjdahalvmjivtgsfhxnszqxya\">\n<div data-brz-translate-text=\"1\">\n<p class=\"brz-tp-subtitle brz-text-lg-center brz-css-qGXAD\"><em class=\"brz-cp-color3\">From experiences to inspiration for new dynamics<\/em><\/p>\n<\/div>\n<\/div>\n<\/div>\n<div class=\"brz-row__container brz-css-kw5hok brz-css-1yo5nq9\" data-brz-custom-id=\"lgioxdtbbykgrxhgdulvfqcxswotgknmvjan\">\n<div class=\"brz-bg\"><\/div>\n<div class=\"brz-row brz-css-11gq46v brz-css-1trhznq\">\n<div class=\"brz-columns brz-css-1d7sivn brz-css-u0krok\" data-brz-custom-id=\"qkfxrojdoeuumowmzpxvoxrassxjsrtaosph\">\n<div class=\"brz-bg\">\n<div class=\"brz-bg-color\"><\/div>\n<\/div>\n<div class=\"brz-column__items brz-css-b3ueem brz-css-wbcot9\">\n<div id=\"\" class=\"brz-css-1k9rn5n brz-wrapper\">\n<div data-brz-form-version=\"2\" class=\"brz-forms2 brz-css-bmi7ly\" data-brz-custom-id=\"qrqajlhtsojewqkzwdihmwlfaqknjhmrtyzk\">\n<div data-brz-translate-text=\"1\" class=\"brz-forms2__item brz-css-16l26d7 brz-css-1rfcxwp brz-css-1xlnq47\"><\/div>\n<div data-brz-translate-text=\"1\" class=\"brz-forms2__item brz-css-16l26d7 brz-css-1rfcxwp brz-css-fbzvau\"><\/div>\n<div data-brz-translate-text=\"1\" class=\"brz-forms2__item brz-css-16l26d7 brz-css-1rfcxwp\"><\/div>\n<div data-brz-translate-text=\"1\" class=\"brz-forms2__item brz-css-16l26d7 brz-css-1rfcxwp\">\n<div class=\"brz-forms2__field brz-forms2__field-select brz-forms2__field-select--multiple brz-css-1xoh795\">Quel module vous int\u00e9resse ?One to one Coaching &#8211; 1 h Women Abroad \u2013 8h\/12h Adapting Abroad \u2013 12h<\/div>\n<\/div>\n<div data-brz-translate-text=\"1\" class=\"brz-forms2__item brz-css-16l26d7 brz-css-1rfcxwp brz-css-gvf2us\"><textarea id=\"rQ_ZAppXIXnx_6667fc2c487850d70b52\" name=\"pvqnvtujypqcebkepfnfvooolsygeweclvaj\" data-brz-type=\"Paragraph\" data-brz-label=\"Votre Projet\" data-brz-placeholder=\"Votre Projet\" class=\"brz-textarea brz-forms2__field brz-forms2__field-paragraph\"><\/textarea><\/div>\n<div class=\"brz-forms2 brz-forms2__item brz-forms2__item-button\" data-brz-custom-id=\"qrqajlhtsojewqkzwdihmwlfaqknjhmrtyzk\"><button class=\"brz-btn brz-btn-submit brz-css-1qrj5jj\" data-brz-custom-id=\"qyrmrohzhoqnmtwofyqrenyfqhcsyljhpegx\"><span data-brz-translate-text=\"1\" class=\"brz-span brz-text__editor\">Send<\/span><\/button><\/div>\n<div class=\"brz-g-recaptcha\" data-sitekey=\"\" data-size=\"invisible\" data-callback=\"brzFormV2Captcha\"><\/div>\n<\/div>\n<\/div>\n<\/div>\n<\/div>\n<\/div>\n<\/div>\n<\/div>\n<\/div>\n<\/section>\n<\/div>\n<p>    <!-- version:1745341265 --><\/p>","protected":false},"excerpt":{"rendered":"<p>Discutons de votre projet ! Vivre &amp; travailler sereinement \u00e0 l\u2019\u00e9tranger Vous \u00eates une entreprise, ce 1er rendez-vous nous permettra de faire connaissance, cr\u00e9er un cadre d&rsquo;intervention, vous envoyer une offre adapt\u00e9e \u00e0 vos besoins. Vous \u00eates un particulier, ce 1er rendez-vous est n\u00e9cessaire et tr\u00e8s utile pour cr\u00e9er le contact, comprendre vos besoins et [&hellip;]<\/p>\n","protected":false},"author":1,"featured_media":0,"parent":0,"menu_order":0,"comment_status":"closed","ping_status":"closed","template":"brizy-blank-template.php","meta":{"site-sidebar-layout":"default","site-content-layout":"default","ast-site-content-layout":"default","site-content-style":"default","site-sidebar-style":"default","ast-global-header-display":"","ast-banner-title-visibility":"","ast-main-header-display":"","ast-hfb-above-header-display":"","ast-hfb-below-header-display":"","ast-hfb-mobile-header-display":"","site-post-title":"","ast-breadcrumbs-content":"","ast-featured-img":"","footer-sml-layout":"","ast-disable-related-posts":"","theme-transparent-header-meta":"default","adv-header-id-meta":"","stick-header-meta":"","header-above-stick-meta":"","header-main-stick-meta":"","header-below-stick-meta":"","astra-migrate-meta-layouts":"default","ast-page-background-enabled":"default","ast-page-background-meta":{"desktop":{"background-color":"","background-image":"","background-repeat":"repeat","background-position":"center center","background-size":"auto","background-attachment":"scroll","background-type":"","background-media":"","overlay-type":"","overlay-color":"","overlay-opacity":"","overlay-gradient":""},"tablet":{"background-color":"","background-image":"","background-repeat":"repeat","background-position":"center center","background-size":"auto","background-attachment":"scroll","background-type":"","background-media":"","overlay-type":"","overlay-color":"","overlay-opacity":"","overlay-gradient":""},"mobile":{"background-color":"","background-image":"","background-repeat":"repeat","background-position":"center center","background-size":"auto","background-attachment":"scroll","background-type":"","background-media":"","overlay-type":"","overlay-color":"","overlay-opacity":"","overlay-gradient":""}},"ast-content-background-meta":{"desktop":{"background-color":"var(--ast-global-color-5)","background-image":"","background-repeat":"repeat","background-position":"center center","background-size":"auto","background-attachment":"scroll","background-type":"","background-media":"","overlay-type":"","overlay-color":"","overlay-opacity":"","overlay-gradient":""},"tablet":{"background-color":"var(--ast-global-color-5)","background-image":"","background-repeat":"repeat","background-position":"center center","background-size":"auto","background-attachment":"scroll","background-type":"","background-media":"","overlay-type":"","overlay-color":"","overlay-opacity":"","overlay-gradient":""},"mobile":{"background-color":"var(--ast-global-color-5)","background-image":"","background-repeat":"repeat","background-position":"center center","background-size":"auto","background-attachment":"scroll","background-type":"","background-media":"","overlay-type":"","overlay-color":"","overlay-opacity":"","overlay-gradient":""}},"footnotes":""},"class_list":["post-3590","page","type-page","status-publish","hentry"],"yoast_head":"<!-- This site is optimized with the Yoast SEO plugin v27.6 - https:\/\/yoast.com\/product\/yoast-seo-wordpress\/ -->\n<title>Me Rencontrer - Women Abroad Coaching<\/title>\n<meta name=\"description\" content=\"Me rencontrer. Vous \u00eates une entreprise ? Un particulier ? Ce 1er rendez-vous nous permettra de faire connaissance et cr\u00e9er un cadre...\" \/>\n<meta name=\"robots\" content=\"index, follow, max-snippet:-1, max-image-preview:large, max-video-preview:-1\" \/>\n<link rel=\"canonical\" href=\"https:\/\/women-abroad-coaching.com\/en\/me-rencontrer\/\" \/>\n<meta property=\"og:locale\" content=\"en_GB\" \/>\n<meta property=\"og:type\" content=\"article\" \/>\n<meta property=\"og:title\" content=\"Me Rencontrer - Women Abroad Coaching\" \/>\n<meta property=\"og:description\" content=\"Me rencontrer. Vous \u00eates une entreprise ? Un particulier ? Ce 1er rendez-vous nous permettra de faire connaissance et cr\u00e9er un cadre...\" \/>\n<meta property=\"og:url\" content=\"https:\/\/women-abroad-coaching.com\/en\/me-rencontrer\/\" \/>\n<meta property=\"og:site_name\" content=\"Women Abroad Coaching\" \/>\n<meta property=\"article:publisher\" content=\"https:\/\/www.facebook.com\/Women-Abroad-101219738330459\" \/>\n<meta property=\"article:modified_time\" content=\"2026-05-05T16:19:35+00:00\" \/>\n<meta name=\"twitter:card\" content=\"summary_large_image\" \/>\n<meta name=\"twitter:label1\" content=\"Estimated reading time\" \/>\n\t<meta name=\"twitter:data1\" content=\"3 minutes\" \/>\n<script type=\"application\/ld+json\" class=\"yoast-schema-graph\">{\"@context\":\"https:\\\/\\\/schema.org\",\"@graph\":[{\"@type\":\"WebPage\",\"@id\":\"https:\\\/\\\/women-abroad-coaching.com\\\/me-rencontrer\\\/\",\"url\":\"https:\\\/\\\/women-abroad-coaching.com\\\/me-rencontrer\\\/\",\"name\":\"Me Rencontrer - Women Abroad Coaching\",\"isPartOf\":{\"@id\":\"https:\\\/\\\/women-abroad-coaching.com\\\/en\\\/#website\"},\"datePublished\":\"2020-11-30T15:02:10+00:00\",\"dateModified\":\"2026-05-05T16:19:35+00:00\",\"description\":\"Me rencontrer. Vous \u00eates une entreprise ? Un particulier ? Ce 1er rendez-vous nous permettra de faire connaissance et cr\u00e9er un cadre...\",\"breadcrumb\":{\"@id\":\"https:\\\/\\\/women-abroad-coaching.com\\\/me-rencontrer\\\/#breadcrumb\"},\"inLanguage\":\"en-GB\",\"potentialAction\":[{\"@type\":\"ReadAction\",\"target\":[\"https:\\\/\\\/women-abroad-coaching.com\\\/me-rencontrer\\\/\"]}]},{\"@type\":\"BreadcrumbList\",\"@id\":\"https:\\\/\\\/women-abroad-coaching.com\\\/me-rencontrer\\\/#breadcrumb\",\"itemListElement\":[{\"@type\":\"ListItem\",\"position\":1,\"name\":\"Accueil\",\"item\":\"https:\\\/\\\/women-abroad-coaching.com\\\/\"},{\"@type\":\"ListItem\",\"position\":2,\"name\":\"Me Rencontrer\"}]},{\"@type\":\"WebSite\",\"@id\":\"https:\\\/\\\/women-abroad-coaching.com\\\/en\\\/#website\",\"url\":\"https:\\\/\\\/women-abroad-coaching.com\\\/en\\\/\",\"name\":\"Women Abroad Coaching\",\"description\":\"Vivre et travailler sereinement \u00e0 l\u2019\u00e9tranger\",\"publisher\":{\"@id\":\"https:\\\/\\\/women-abroad-coaching.com\\\/en\\\/#organization\"},\"potentialAction\":[{\"@type\":\"SearchAction\",\"target\":{\"@type\":\"EntryPoint\",\"urlTemplate\":\"https:\\\/\\\/women-abroad-coaching.com\\\/en\\\/?s={search_term_string}\"},\"query-input\":{\"@type\":\"PropertyValueSpecification\",\"valueRequired\":true,\"valueName\":\"search_term_string\"}}],\"inLanguage\":\"en-GB\"},{\"@type\":\"Organization\",\"@id\":\"https:\\\/\\\/women-abroad-coaching.com\\\/en\\\/#organization\",\"name\":\"Women Abroad Coaching\",\"url\":\"https:\\\/\\\/women-abroad-coaching.com\\\/en\\\/\",\"logo\":{\"@type\":\"ImageObject\",\"inLanguage\":\"en-GB\",\"@id\":\"https:\\\/\\\/women-abroad-coaching.com\\\/en\\\/#\\\/schema\\\/logo\\\/image\\\/\",\"url\":\"https:\\\/\\\/women-abroad-coaching.com\\\/wp-content\\\/uploads\\\/2020\\\/11\\\/Logo-Woman-Abroad-22.png\",\"contentUrl\":\"https:\\\/\\\/women-abroad-coaching.com\\\/wp-content\\\/uploads\\\/2020\\\/11\\\/Logo-Woman-Abroad-22.png\",\"width\":1110,\"height\":109,\"caption\":\"Women Abroad Coaching\"},\"image\":{\"@id\":\"https:\\\/\\\/women-abroad-coaching.com\\\/en\\\/#\\\/schema\\\/logo\\\/image\\\/\"},\"sameAs\":[\"https:\\\/\\\/www.facebook.com\\\/Women-Abroad-101219738330459\",\"https:\\\/\\\/www.linkedin.com\\\/in\\\/francoisefalisse\\\/\"]}]}<\/script>\n<!-- \/ Yoast SEO plugin. -->","yoast_head_json":{"title":"Me Rencontrer - Women Abroad Coaching","description":"Me rencontrer. Vous \u00eates une entreprise ? Un particulier ? Ce 1er rendez-vous nous permettra de faire connaissance et cr\u00e9er un cadre...","robots":{"index":"index","follow":"follow","max-snippet":"max-snippet:-1","max-image-preview":"max-image-preview:large","max-video-preview":"max-video-preview:-1"},"canonical":"https:\/\/women-abroad-coaching.com\/en\/me-rencontrer\/","og_locale":"en_GB","og_type":"article","og_title":"Me Rencontrer - Women Abroad Coaching","og_description":"Me rencontrer. Vous \u00eates une entreprise ? Un particulier ? Ce 1er rendez-vous nous permettra de faire connaissance et cr\u00e9er un cadre...","og_url":"https:\/\/women-abroad-coaching.com\/en\/me-rencontrer\/","og_site_name":"Women Abroad Coaching","article_publisher":"https:\/\/www.facebook.com\/Women-Abroad-101219738330459","article_modified_time":"2026-05-05T16:19:35+00:00","twitter_card":"summary_large_image","twitter_misc":{"Estimated reading time":"3 minutes"},"schema":{"@context":"https:\/\/schema.org","@graph":[{"@type":"WebPage","@id":"https:\/\/women-abroad-coaching.com\/me-rencontrer\/","url":"https:\/\/women-abroad-coaching.com\/me-rencontrer\/","name":"Me Rencontrer - Women Abroad Coaching","isPartOf":{"@id":"https:\/\/women-abroad-coaching.com\/en\/#website"},"datePublished":"2020-11-30T15:02:10+00:00","dateModified":"2026-05-05T16:19:35+00:00","description":"Me rencontrer. Vous \u00eates une entreprise ? Un particulier ? Ce 1er rendez-vous nous permettra de faire connaissance et cr\u00e9er un cadre...","breadcrumb":{"@id":"https:\/\/women-abroad-coaching.com\/me-rencontrer\/#breadcrumb"},"inLanguage":"en-GB","potentialAction":[{"@type":"ReadAction","target":["https:\/\/women-abroad-coaching.com\/me-rencontrer\/"]}]},{"@type":"BreadcrumbList","@id":"https:\/\/women-abroad-coaching.com\/me-rencontrer\/#breadcrumb","itemListElement":[{"@type":"ListItem","position":1,"name":"Accueil","item":"https:\/\/women-abroad-coaching.com\/"},{"@type":"ListItem","position":2,"name":"Me Rencontrer"}]},{"@type":"WebSite","@id":"https:\/\/women-abroad-coaching.com\/en\/#website","url":"https:\/\/women-abroad-coaching.com\/en\/","name":"Women Abroad Coaching","description":"Vivre et travailler sereinement \u00e0 l\u2019\u00e9tranger","publisher":{"@id":"https:\/\/women-abroad-coaching.com\/en\/#organization"},"potentialAction":[{"@type":"SearchAction","target":{"@type":"EntryPoint","urlTemplate":"https:\/\/women-abroad-coaching.com\/en\/?s={search_term_string}"},"query-input":{"@type":"PropertyValueSpecification","valueRequired":true,"valueName":"search_term_string"}}],"inLanguage":"en-GB"},{"@type":"Organization","@id":"https:\/\/women-abroad-coaching.com\/en\/#organization","name":"Women Abroad Coaching","url":"https:\/\/women-abroad-coaching.com\/en\/","logo":{"@type":"ImageObject","inLanguage":"en-GB","@id":"https:\/\/women-abroad-coaching.com\/en\/#\/schema\/logo\/image\/","url":"https:\/\/women-abroad-coaching.com\/wp-content\/uploads\/2020\/11\/Logo-Woman-Abroad-22.png","contentUrl":"https:\/\/women-abroad-coaching.com\/wp-content\/uploads\/2020\/11\/Logo-Woman-Abroad-22.png","width":1110,"height":109,"caption":"Women Abroad Coaching"},"image":{"@id":"https:\/\/women-abroad-coaching.com\/en\/#\/schema\/logo\/image\/"},"sameAs":["https:\/\/www.facebook.com\/Women-Abroad-101219738330459","https:\/\/www.linkedin.com\/in\/francoisefalisse\/"]}]}},"brizy_media":[{"id":2948,"url":"https:\/\/women-abroad-coaching.com\/wp-content\/uploads\/2020\/11\/Franc\u0327oise-Falisse-Coach-Women-Abroad-Femme-.png","name":"Franc\u0327oise-Falisse-Coach-Women-Abroad-Femme-.png","meta":{"brizy_attachment_uid":"wp-93c80294381f9503010e0e5b9de96328.png","brizy_post_uid":["4976ec4a14d56c31b6f8285edbf15797","4b1af21b371ed10374c6bfe6260c9cfe"]}}],"_links":{"self":[{"href":"https:\/\/women-abroad-coaching.com\/en\/wp-json\/wp\/v2\/pages\/3590","targetHints":{"allow":["GET"]}}],"collection":[{"href":"https:\/\/women-abroad-coaching.com\/en\/wp-json\/wp\/v2\/pages"}],"about":[{"href":"https:\/\/women-abroad-coaching.com\/en\/wp-json\/wp\/v2\/types\/page"}],"author":[{"embeddable":true,"href":"https:\/\/women-abroad-coaching.com\/en\/wp-json\/wp\/v2\/users\/1"}],"replies":[{"embeddable":true,"href":"https:\/\/women-abroad-coaching.com\/en\/wp-json\/wp\/v2\/comments?post=3590"}],"version-history":[{"count":0,"href":"https:\/\/women-abroad-coaching.com\/en\/wp-json\/wp\/v2\/pages\/3590\/revisions"}],"wp:attachment":[{"href":"https:\/\/women-abroad-coaching.com\/en\/wp-json\/wp\/v2\/media?parent=3590"}],"curies":[{"name":"wp","href":"https:\/\/api.w.org\/{rel}","templated":true}]}}