{"id":3061,"date":"2020-11-26T15:22:22","date_gmt":"2020-11-26T15:22:22","guid":{"rendered":"https:\/\/women-abroad-coaching.com\/?page_id=3061"},"modified":"2026-04-06T16:09:03","modified_gmt":"2026-04-06T16:09:03","slug":"blog","status":"publish","type":"page","link":"https:\/\/women-abroad-coaching.com\/en\/blog\/","title":{"rendered":"Blog"},"content":{"rendered":"<div class=\"brz-root__container brz-reset-all brz brz-root__container-page\">\n<section id=\"_bcfjauprqnxkfcnccylmasjggqannwnoqnla\" class=\"brz-section brz-css-xtsaxn\">\n<div class=\"brz-section__content brz-section--boxed brz-css-fdli39 brz-css-1f21cq3\" data-brz-custom-id=\"khjunqniqvwtviudibxwdojiqrpmhsswfevu\">\n<div class=\"brz-bg\">\n<div class=\"brz-bg-color\"><\/div>\n<\/div>\n<div class=\"brz-container brz-css-1ntuier\">\n<div id=\"\" class=\"brz-css-b59ent brz-css-1yl3yui brz-wrapper\">\n<div class=\"brz-rich-text brz-rich-text__custom brz-css-swy3p\" data-brz-custom-id=\"usucopkjfwnbfjfdbrxyadpserumxjwkgmaj\">\n<div data-brz-translate-text=\"1\">\n<h1 class=\"brz-tp-heading1 brz-text-lg-center brz-css-xmh_D\"><span class=\"brz-cp-color2\">Blog<\/span><\/h1>\n<\/div>\n<\/div>\n<\/div>\n<div id=\"\" class=\"brz-css-b59ent brz-css-1ewi0xi brz-wrapper\">\n<div class=\"brz-rich-text brz-rich-text__custom brz-css-swy3p\" data-brz-custom-id=\"ioguugwpdfommujfxlucgxiauimycqdhuzvg\">\n<div data-brz-translate-text=\"1\">\n<p class=\"brz-text-lg-center brz-tp-subtitle brz-css-s1taE\"><em class=\"brz-cp-color7\">News and tips to develop your international career. <\/em><\/p>\n<\/div>\n<\/div>\n<\/div>\n<div id=\"\" class=\"brz-css-b59ent brz-css-ejrm1b brz-css-161hz32 brz-wrapper\">\n<div class=\"brz-spacer brz-css-ta4tp2 brz-css-186lgin\"><\/div>\n<\/div>\n<div id=\"\" class=\"brz-css-b59ent brz-css-3rrc81 brz-css-15yj4n2 brz-wrapper\">\n<div class=\"brz-posts brz-css-16k65se brz-css-1hukd5k\" data-brz-custom-id=\"mvtkgajieepfikkbwalosajqipyelhsndqsa\">\n<div class=\"brz-posts__wrapper\">\n<div class=\"brz-posts__item\">\n<div class=\"brz-columns brz-css-1uyqeh8 brz-css-1obcjwn brz-css-1fyfhj3\" data-brz-custom-id=\"vkvdivqaksqpwxhgwnxfoxhrmfemetrsetwh\">\n<div class=\"brz-bg\">\n<div class=\"brz-bg-color\"><\/div>\n<\/div>\n<div class=\"brz-column__items brz-css-v86283 brz-css-103y7ch\">\n<div id=\"\" class=\"brz-css-b59ent brz-css-m4gomr brz-wrapper\">\n<div class=\"brz-image brz-css-6wqj0k\" data-brz-custom-id=\"ygxctucuncabplaryejzhdgmzhtvsssfpmfu\"><a class=\"brz-a\" href=\"\" target=\"_self\" rel=\"noopener\" data-brz-link-type=\"external\"><img decoding=\"async\" class=\"brz-img\" src=\"\" alt=\"\" loading=\"lazy\"><\/a><\/div>\n<\/div>\n<div id=\"\" class=\"brz-css-b59ent brz-css-xfyt84 brz-wrapper\">\n<div class=\"brz-rich-text brz-rich-text__custom brz-css-swy3p\" data-brz-custom-id=\"mpjlmtkwkfqhonjbjvophoxijtxyciepxjrl\">\n<div data-brz-translate-text=\"1\">\n<p class=\"brz-lh-xs-im-1_1 brz-lh-sm-im-1_1 brz-lh-lg-1_4 brz-ls-lg-0 brz-ls-sm-im-0 brz-ls-xs-im-0 brz-ff-raleway brz-ft-google brz-fw-lg-400 brz-fw-sm-im-400 brz-fw-xs-im-400 brz-fs-lg-20 brz-fs-sm-im-19 brz-fs-xs-im-19 brz-css-faZ7q\"><a class=\"link--external is-empty brz-cp-color3\" href=\"\" data-brz-link-type=\"external\"><strong><span class=\"text-population\"><\/span><\/strong><\/a><strong class=\"brz-cp-color3\"> <\/strong><\/p>\n<\/div>\n<\/div>\n<\/div>\n<div id=\"\" class=\"brz-css-b59ent brz-css-1854amo brz-wrapper\">\n<div class=\"brz-rich-text brz-rich-text__custom brz-css-swy3p\" data-brz-custom-id=\"kghuglbgkrqtdakxiiufomnpaonvxbcrgpcw\">\n<div data-brz-translate-text=\"1\">\n<p class=\"brz-tp-paragraph brz-css-bLJ0R\"><span class=\"text-population brz-cp-color7\"><\/span><span class=\"text-population brz-cp-color7\"> <\/span><\/p>\n<\/div>\n<\/div>\n<\/div>\n<div class=\"brz-wrapper-clone brz-css-6g6iqm brz-css-is1kvi\">\n<div class=\"brz-d-xs-flex brz-flex-xs-wrap brz-css-n9jw50 brz-css-lr87eg\" data-brz-custom-id=\"\">\n<div class=\"brz-wrapper-clone__item\" id=\"yziutnsibdwxqwlowlnpmcufzqmwxmuynojy\"><a class=\"brz-a brz-btn brz-css-1i8tb7u brz-css-1gaqa9g brz-css-hdvold brz-css-z9bolt brz-css-11n07fz\" href=\"\" target=\"_self\" rel=\"noopener\" data-brz-link-type=\"external\" data-brz-custom-id=\"yziutnsibdwxqwlowlnpmcufzqmwxmuynojy\"><span data-brz-translate-text=\"1\" class=\"brz-span brz-text__editor\">Read more<\/span><\/a><\/div>\n<\/div>\n<\/div>\n<\/div>\n<\/div>\n<\/div>\n<\/div>\n<\/div>\n<\/div>\n<\/div>\n<\/div>\n<\/section>\n<\/div>\n<p>    <!-- version:1736955877 --><\/p>","protected":false},"excerpt":{"rendered":"<p>Blog Les actualit\u00e9s et conseils pour d\u00e9velopper votre carri\u00e8re \u00e0 l&rsquo;international Lire la suite<\/p>","protected":false},"author":1,"featured_media":0,"parent":0,"menu_order":0,"comment_status":"closed","ping_status":"closed","template":"brizy-blank-template.php","meta":{"site-sidebar-layout":"default","site-content-layout":"default","ast-site-content-layout":"default","site-content-style":"default","site-sidebar-style":"default","ast-global-header-display":"","ast-banner-title-visibility":"","ast-main-header-display":"","ast-hfb-above-header-display":"","ast-hfb-below-header-display":"","ast-hfb-mobile-header-display":"","site-post-title":"","ast-breadcrumbs-content":"","ast-featured-img":"","footer-sml-layout":"","ast-disable-related-posts":"","theme-transparent-header-meta":"default","adv-header-id-meta":"","stick-header-meta":"","header-above-stick-meta":"","header-main-stick-meta":"","header-below-stick-meta":"","astra-migrate-meta-layouts":"default","ast-page-background-enabled":"default","ast-page-background-meta":{"desktop":{"background-color":"","background-image":"","background-repeat":"repeat","background-position":"center center","background-size":"auto","background-attachment":"scroll","background-type":"","background-media":"","overlay-type":"","overlay-color":"","overlay-opacity":"","overlay-gradient":""},"tablet":{"background-color":"","background-image":"","background-repeat":"repeat","background-position":"center center","background-size":"auto","background-attachment":"scroll","background-type":"","background-media":"","overlay-type":"","overlay-color":"","overlay-opacity":"","overlay-gradient":""},"mobile":{"background-color":"","background-image":"","background-repeat":"repeat","background-position":"center center","background-size":"auto","background-attachment":"scroll","background-type":"","background-media":"","overlay-type":"","overlay-color":"","overlay-opacity":"","overlay-gradient":""}},"ast-content-background-meta":{"desktop":{"background-color":"var(--ast-global-color-5)","background-image":"","background-repeat":"repeat","background-position":"center center","background-size":"auto","background-attachment":"scroll","background-type":"","background-media":"","overlay-type":"","overlay-color":"","overlay-opacity":"","overlay-gradient":""},"tablet":{"background-color":"var(--ast-global-color-5)","background-image":"","background-repeat":"repeat","background-position":"center center","background-size":"auto","background-attachment":"scroll","background-type":"","background-media":"","overlay-type":"","overlay-color":"","overlay-opacity":"","overlay-gradient":""},"mobile":{"background-color":"var(--ast-global-color-5)","background-image":"","background-repeat":"repeat","background-position":"center center","background-size":"auto","background-attachment":"scroll","background-type":"","background-media":"","overlay-type":"","overlay-color":"","overlay-opacity":"","overlay-gradient":""}},"footnotes":""},"class_list":["post-3061","page","type-page","status-publish","hentry"],"yoast_head":"<!-- This site is optimized with the Yoast SEO plugin v27.4 - https:\/\/yoast.com\/product\/yoast-seo-wordpress\/ -->\n<title>Blog - Women Abroad Coaching<\/title>\n<meta name=\"description\" content=\"Blog - Women Abroad Coaching - D\u00e9couvrez les derni\u00e8res actualit\u00e9s et tous les bons conseils pour d\u00e9velopper votre carri\u00e8re \u00e0 l\u2019international.\" \/>\n<meta name=\"robots\" content=\"index, follow, max-snippet:-1, max-image-preview:large, max-video-preview:-1\" \/>\n<link rel=\"canonical\" href=\"https:\/\/women-abroad-coaching.com\/en\/blog\/\" \/>\n<meta property=\"og:locale\" content=\"en_GB\" \/>\n<meta property=\"og:type\" content=\"article\" \/>\n<meta property=\"og:title\" content=\"Blog - Women Abroad Coaching\" \/>\n<meta property=\"og:description\" content=\"Blog - Women Abroad Coaching - D\u00e9couvrez les derni\u00e8res actualit\u00e9s et tous les bons conseils pour d\u00e9velopper votre carri\u00e8re \u00e0 l\u2019international.\" \/>\n<meta property=\"og:url\" content=\"https:\/\/women-abroad-coaching.com\/en\/blog\/\" \/>\n<meta property=\"og:site_name\" content=\"Women Abroad Coaching\" \/>\n<meta property=\"article:publisher\" content=\"https:\/\/www.facebook.com\/Women-Abroad-101219738330459\" \/>\n<meta property=\"article:modified_time\" content=\"2026-04-06T16:09:03+00:00\" \/>\n<meta name=\"twitter:card\" content=\"summary_large_image\" \/>\n<script type=\"application\/ld+json\" class=\"yoast-schema-graph\">{\"@context\":\"https:\\\/\\\/schema.org\",\"@graph\":[{\"@type\":\"WebPage\",\"@id\":\"https:\\\/\\\/women-abroad-coaching.com\\\/blog\\\/\",\"url\":\"https:\\\/\\\/women-abroad-coaching.com\\\/blog\\\/\",\"name\":\"Blog - Women Abroad Coaching\",\"isPartOf\":{\"@id\":\"https:\\\/\\\/women-abroad-coaching.com\\\/en\\\/#website\"},\"datePublished\":\"2020-11-26T15:22:22+00:00\",\"dateModified\":\"2026-04-06T16:09:03+00:00\",\"description\":\"Blog - Women Abroad Coaching - D\u00e9couvrez les derni\u00e8res actualit\u00e9s et tous les bons conseils pour d\u00e9velopper votre carri\u00e8re \u00e0 l\u2019international.\",\"breadcrumb\":{\"@id\":\"https:\\\/\\\/women-abroad-coaching.com\\\/blog\\\/#breadcrumb\"},\"inLanguage\":\"en-GB\",\"potentialAction\":[{\"@type\":\"ReadAction\",\"target\":[\"https:\\\/\\\/women-abroad-coaching.com\\\/blog\\\/\"]}]},{\"@type\":\"BreadcrumbList\",\"@id\":\"https:\\\/\\\/women-abroad-coaching.com\\\/blog\\\/#breadcrumb\",\"itemListElement\":[{\"@type\":\"ListItem\",\"position\":1,\"name\":\"Accueil\",\"item\":\"https:\\\/\\\/women-abroad-coaching.com\\\/\"},{\"@type\":\"ListItem\",\"position\":2,\"name\":\"Blog\"}]},{\"@type\":\"WebSite\",\"@id\":\"https:\\\/\\\/women-abroad-coaching.com\\\/en\\\/#website\",\"url\":\"https:\\\/\\\/women-abroad-coaching.com\\\/en\\\/\",\"name\":\"Women Abroad Coaching\",\"description\":\"Vivre et travailler sereinement \u00e0 l\u2019\u00e9tranger\",\"publisher\":{\"@id\":\"https:\\\/\\\/women-abroad-coaching.com\\\/en\\\/#organization\"},\"potentialAction\":[{\"@type\":\"SearchAction\",\"target\":{\"@type\":\"EntryPoint\",\"urlTemplate\":\"https:\\\/\\\/women-abroad-coaching.com\\\/en\\\/?s={search_term_string}\"},\"query-input\":{\"@type\":\"PropertyValueSpecification\",\"valueRequired\":true,\"valueName\":\"search_term_string\"}}],\"inLanguage\":\"en-GB\"},{\"@type\":\"Organization\",\"@id\":\"https:\\\/\\\/women-abroad-coaching.com\\\/en\\\/#organization\",\"name\":\"Women Abroad Coaching\",\"url\":\"https:\\\/\\\/women-abroad-coaching.com\\\/en\\\/\",\"logo\":{\"@type\":\"ImageObject\",\"inLanguage\":\"en-GB\",\"@id\":\"https:\\\/\\\/women-abroad-coaching.com\\\/en\\\/#\\\/schema\\\/logo\\\/image\\\/\",\"url\":\"https:\\\/\\\/women-abroad-coaching.com\\\/wp-content\\\/uploads\\\/2020\\\/11\\\/Logo-Woman-Abroad-22.png\",\"contentUrl\":\"https:\\\/\\\/women-abroad-coaching.com\\\/wp-content\\\/uploads\\\/2020\\\/11\\\/Logo-Woman-Abroad-22.png\",\"width\":1110,\"height\":109,\"caption\":\"Women Abroad Coaching\"},\"image\":{\"@id\":\"https:\\\/\\\/women-abroad-coaching.com\\\/en\\\/#\\\/schema\\\/logo\\\/image\\\/\"},\"sameAs\":[\"https:\\\/\\\/www.facebook.com\\\/Women-Abroad-101219738330459\",\"https:\\\/\\\/www.linkedin.com\\\/in\\\/francoisefalisse\\\/\"]}]}<\/script>\n<!-- \/ Yoast SEO plugin. -->","yoast_head_json":{"title":"Blog - Women Abroad Coaching","description":"Blog - Women Abroad Coaching - D\u00e9couvrez les derni\u00e8res actualit\u00e9s et tous les bons conseils pour d\u00e9velopper votre carri\u00e8re \u00e0 l\u2019international.","robots":{"index":"index","follow":"follow","max-snippet":"max-snippet:-1","max-image-preview":"max-image-preview:large","max-video-preview":"max-video-preview:-1"},"canonical":"https:\/\/women-abroad-coaching.com\/en\/blog\/","og_locale":"en_GB","og_type":"article","og_title":"Blog - Women Abroad Coaching","og_description":"Blog - Women Abroad Coaching - D\u00e9couvrez les derni\u00e8res actualit\u00e9s et tous les bons conseils pour d\u00e9velopper votre carri\u00e8re \u00e0 l\u2019international.","og_url":"https:\/\/women-abroad-coaching.com\/en\/blog\/","og_site_name":"Women Abroad Coaching","article_publisher":"https:\/\/www.facebook.com\/Women-Abroad-101219738330459","article_modified_time":"2026-04-06T16:09:03+00:00","twitter_card":"summary_large_image","schema":{"@context":"https:\/\/schema.org","@graph":[{"@type":"WebPage","@id":"https:\/\/women-abroad-coaching.com\/blog\/","url":"https:\/\/women-abroad-coaching.com\/blog\/","name":"Blog - Women Abroad Coaching","isPartOf":{"@id":"https:\/\/women-abroad-coaching.com\/en\/#website"},"datePublished":"2020-11-26T15:22:22+00:00","dateModified":"2026-04-06T16:09:03+00:00","description":"Blog - Women Abroad Coaching - D\u00e9couvrez les derni\u00e8res actualit\u00e9s et tous les bons conseils pour d\u00e9velopper votre carri\u00e8re \u00e0 l\u2019international.","breadcrumb":{"@id":"https:\/\/women-abroad-coaching.com\/blog\/#breadcrumb"},"inLanguage":"en-GB","potentialAction":[{"@type":"ReadAction","target":["https:\/\/women-abroad-coaching.com\/blog\/"]}]},{"@type":"BreadcrumbList","@id":"https:\/\/women-abroad-coaching.com\/blog\/#breadcrumb","itemListElement":[{"@type":"ListItem","position":1,"name":"Accueil","item":"https:\/\/women-abroad-coaching.com\/"},{"@type":"ListItem","position":2,"name":"Blog"}]},{"@type":"WebSite","@id":"https:\/\/women-abroad-coaching.com\/en\/#website","url":"https:\/\/women-abroad-coaching.com\/en\/","name":"Women Abroad Coaching","description":"Vivre et travailler sereinement \u00e0 l\u2019\u00e9tranger","publisher":{"@id":"https:\/\/women-abroad-coaching.com\/en\/#organization"},"potentialAction":[{"@type":"SearchAction","target":{"@type":"EntryPoint","urlTemplate":"https:\/\/women-abroad-coaching.com\/en\/?s={search_term_string}"},"query-input":{"@type":"PropertyValueSpecification","valueRequired":true,"valueName":"search_term_string"}}],"inLanguage":"en-GB"},{"@type":"Organization","@id":"https:\/\/women-abroad-coaching.com\/en\/#organization","name":"Women Abroad Coaching","url":"https:\/\/women-abroad-coaching.com\/en\/","logo":{"@type":"ImageObject","inLanguage":"en-GB","@id":"https:\/\/women-abroad-coaching.com\/en\/#\/schema\/logo\/image\/","url":"https:\/\/women-abroad-coaching.com\/wp-content\/uploads\/2020\/11\/Logo-Woman-Abroad-22.png","contentUrl":"https:\/\/women-abroad-coaching.com\/wp-content\/uploads\/2020\/11\/Logo-Woman-Abroad-22.png","width":1110,"height":109,"caption":"Women Abroad Coaching"},"image":{"@id":"https:\/\/women-abroad-coaching.com\/en\/#\/schema\/logo\/image\/"},"sameAs":["https:\/\/www.facebook.com\/Women-Abroad-101219738330459","https:\/\/www.linkedin.com\/in\/francoisefalisse\/"]}]}},"brizy_media":[{"id":13366,"url":"https:\/\/women-abroad-coaching.com\/wp-content\/uploads\/2023\/12\/shutterstock_2207563555-medium-e1704986206263.jpg","name":"shutterstock_2207563555-medium.jpg","meta":{"brizy_attachment_uid":"wp-974504f95f01262236cacd68c8f4eadc.jpg","brizy_post_uid":["4c7aad49d452d6eddda30433d11af3ee","00d87989eb28cdae1df2292487b8f2c1"]}}],"_links":{"self":[{"href":"https:\/\/women-abroad-coaching.com\/en\/wp-json\/wp\/v2\/pages\/3061","targetHints":{"allow":["GET"]}}],"collection":[{"href":"https:\/\/women-abroad-coaching.com\/en\/wp-json\/wp\/v2\/pages"}],"about":[{"href":"https:\/\/women-abroad-coaching.com\/en\/wp-json\/wp\/v2\/types\/page"}],"author":[{"embeddable":true,"href":"https:\/\/women-abroad-coaching.com\/en\/wp-json\/wp\/v2\/users\/1"}],"replies":[{"embeddable":true,"href":"https:\/\/women-abroad-coaching.com\/en\/wp-json\/wp\/v2\/comments?post=3061"}],"version-history":[{"count":0,"href":"https:\/\/women-abroad-coaching.com\/en\/wp-json\/wp\/v2\/pages\/3061\/revisions"}],"wp:attachment":[{"href":"https:\/\/women-abroad-coaching.com\/en\/wp-json\/wp\/v2\/media?parent=3061"}],"curies":[{"name":"wp","href":"https:\/\/api.w.org\/{rel}","templated":true}]}}